{"id":16,"date":"2020-03-05T17:59:20","date_gmt":"2020-03-05T14:59:20","guid":{"rendered":"http:\/\/statiktozboyatabancasi.com\/?page_id=16"},"modified":"2020-07-24T03:33:38","modified_gmt":"2020-07-24T00:33:38","slug":"iletisim","status":"publish","type":"page","link":"https:\/\/statiktozboyatabancasi.com\/index.php\/iletisim\/","title":{"rendered":"\u0130LET\u0130\u015e\u0130M"},"content":{"rendered":"<!--[fluid]--><!--{content}-->    <!--[section]-->\n\t\t<style>\n.bd-section-1797898476{\n\tline-height:  27.2px;\n\tcolor:  #555555;\n\tletter-spacing:  1px;\n\tfont-size:  16px;\n\ttext-align:  right;\n\tfont-weight:  normal;\n}\n.bd-section-1797898476 h4{\n\tfont-style:  normal;\n}\n.bd-section-1797898476 h3{\n\tline-height:  18px;\n\tfont-size:  18px;\n\tletter-spacing:  2px;\n\tfont-style:  normal;\n\tcolor:  #333333;\n\tfont-weight:  600;\n\ttext-transform:  uppercase;\n}\n<\/style>\t\t<section id=section4 class=\" bd-section-1797898476 bd-page-width bd-custom-image bd-imagestyles-23-mixin bd-tagstyles\" data-section-title=\"Contacts Map Two Columns\">\n\t\t\t<div class=\"bd-container-inner bd-margins clearfix\">\n\t\t\t\t<!--{content}-->\n\t\t\t\t\t<!--[fluid_1]--><!--{content}-->    <!--[columns]-->\n        <style>\n@media (max-width: 991px) {.bd-layoutcontainer-1109979423{height:auto;}}<\/style><style>\n.bd-layoutcontainer-1109979423 > .bd-container-inner > .container-fluid > .row{height:100%;margin:0px;}\n.bd-layoutcontainer-1109979423 > .bd-container-inner > .container-fluid > .row > div{padding:0px;}\n.bd-layoutcontainer-1109979423  > .bd-container-inner > .container-fluid:after{display:none;}<\/style><style>\n.bd-layoutcontainer-1109979423 > .bd-container-inner > .container-fluid, .bd-layoutcontainer-1109979423 > .bd-container-inner > .container-fluid > .row{height:100%;}<\/style><style>.bd-layoutcontainer-1109979423 > .bd-container-inner > .container-fluid {padding-left: 0; padding-right: 0;margin-left: 0!important; margin-right: 0!important;}<\/style>        <style>\n.bd-layoutcolumn-109497801{background-color:#428bca;background-image:linear-gradient(180deg, #fcfcfc 0%, #dedede 100%);background-image:-webkit-linear-gradient(270deg, #fcfcfc 0%, #dedede 100%);background-image:-o-linear-gradient(270deg, #fcfcfc 0%, #dedede 100%);background-image:-ms-linear-gradient(270deg, #fcfcfc 0%, #dedede 100%);background-image:-moz-linear-gradient(270deg, #fcfcfc 0%, #dedede 100%);background-repeat:repeat;background-attachment:scroll;background-position:0% 0%;padding:10%;}<\/style>        <div class=\" bd-layoutcontainer-1109979423 bd-page-width  bd-columns bd-no-margins\">\n            <div class=\"bd-container-inner\">\n                <div class=\"container-fluid\">\n                    <div class=\"row bd-row-flex bd-row-align-top\">\n                        <!--{content}-->\n                                <!--[column]-->\n        <div class=\"col-md-6 bd-columnwrapper-109497801\">\n            <div class=\"bd-column  bd-layoutcolumn-109497801 \">\n                <div class=\"bd-vertical-align-wrapper\">\n                    <!--{content}-->\n                        <!--[icon]--><style>\n.additional-class-398661603{float:right;margin-top:0.5em;margin-left:2em;}\n@media (max-width: 767px) {.additional-class-398661603{float:none;margin-bottom:2em;}}<\/style><style>.additional-class-398661603 {\n                    text-decoration: inherit;\n\t                display: inline-block;\n\t                speak: none;\n\t            }\n\n                .additional-class-398661603:before {\n                    font-family: 'Billion Web Font';\n\t                font-style: normal;\n\t                font-weight: normal;\n\t                text-decoration: inherit;\n\t                text-align: center;\n\t                text-transform: none;\n\t                width: 1em;\n                }.additional-class-398661603:before { content: '\\129'; }.additional-class-398661603:before {width: auto; visibility: inherit;}.additional-class-398661603:before{display: inline-block;}<\/style><style>\n.additional-class-398661603:before{color:#155670;font-size:36px;line-height:51.42857144px;}<\/style><style>.additional-class-398661603:before{line-height: 36px;}<\/style><style>.additional-class-398661603:before {\n        vertical-align: middle;\n        text-decoration: none;\n    }<\/style><style>.additional-class-398661603:hover {\n                    text-decoration: inherit;\n\t                display: inline-block;\n\t                speak: none;\n\t            }\n\n                .additional-class-398661603:hover:before {\n                    font-family: 'Billion Web Font';\n\t                font-style: normal;\n\t                font-weight: normal;\n\t                text-decoration: inherit;\n\t                text-align: center;\n\t                text-transform: none;\n\t                width: 1em;\n                }.additional-class-398661603:hover:before {width: auto; visibility: inherit;}.additional-class-398661603:hover:before{display: inline-block;}<\/style><style>.additional-class-398661603:hover:before {\n        vertical-align: middle;\n        text-decoration: none;\n    }<\/style><span class=\"bd-icon  additional-class-398661603  bd-no-margins bd-own-margins\"><!--{content}--><!--{\/content}--><\/span><!--[\/icon]-->\n\t\n\t\t    <!--[text]-->\n        <style>\n.additional-class-540332436{margin:0px;}<\/style>        <h3 class=\" additional-class-540332436  bd-no-margins bd-content-element\">\n            <!--{content}-->\n                ADRES            <!--{\/content}-->\n        <\/h3>\n    <!--[\/text]-->\n\n\t\n\t\t    <!--[text]-->\n        <style>\n.additional-class-1344920570{overflow:hidden;}<\/style>        <p class=\" additional-class-1344920570  bd-content-element\">\n            <!--{content}-->\n                Anadolu Sanayi Horozluhan Mahallesi<br>B\u00fcy\u00fckbahir Sokak No:59<br>42080 Sel\u00e7uklu\/Konya<br class=\"Apple-interchange-newline\"><!--EndFragment-->            <!--{\/content}-->\n        <\/p>\n    <!--[\/text]-->\n\n\t\n\t\t\n    <!--[separator]-->\n    <style>\n.bd-separator-882066991{padding-top:1em;padding-bottom:1em;clear:both;}<\/style>        <style>\n.bd-separator-882066991 .bd-separator-inner:before, .bd-separator-882066991 .bd-separator-inner:after{border-top:1px solid #777777;}<\/style>    <style>\n.bd-separator-882066991 .bd-separator-inner{width:100%;}<\/style>\n    <div class=\" bd-separator-882066991  bd-separator-left bd-separator-content-center clearfix\">\n        <div class=\"bd-container-inner\">\n            <div class=\"bd-separator-inner\">\n                                <!--{content}--><!--{\/content}-->\n            <\/div>\n        <\/div>\n    <\/div>\n    <!--[\/separator]-->\n\n    \n\t\n\t\t<!--[icon]--><style>\n.additional-class-1703670742{float:right;margin-top:0.5em;margin-left:2em;}\n@media (max-width: 767px) {.additional-class-1703670742{float:none;margin-bottom:2em;}}<\/style><style>.additional-class-1703670742 {\n                    text-decoration: inherit;\n\t                display: inline-block;\n\t                speak: none;\n\t            }\n\n                .additional-class-1703670742:before {\n                    font-family: 'Billion Web Font';\n\t                font-style: normal;\n\t                font-weight: normal;\n\t                text-decoration: inherit;\n\t                text-align: center;\n\t                text-transform: none;\n\t                width: 1em;\n                }.additional-class-1703670742:before { content: '\\157'; }.additional-class-1703670742:before {width: auto; visibility: inherit;}.additional-class-1703670742:before{display: inline-block;}<\/style><style>\n.additional-class-1703670742:before{color:#155670;font-size:36px;line-height:51.42857144px;}<\/style><style>.additional-class-1703670742:before{line-height: 36px;}<\/style><style>.additional-class-1703670742:before {\n        vertical-align: middle;\n        text-decoration: none;\n    }<\/style><style>.additional-class-1703670742:hover {\n                    text-decoration: inherit;\n\t                display: inline-block;\n\t                speak: none;\n\t            }\n\n                .additional-class-1703670742:hover:before {\n                    font-family: 'Billion Web Font';\n\t                font-style: normal;\n\t                font-weight: normal;\n\t                text-decoration: inherit;\n\t                text-align: center;\n\t                text-transform: none;\n\t                width: 1em;\n                }.additional-class-1703670742:hover:before {width: auto; visibility: inherit;}.additional-class-1703670742:hover:before{display: inline-block;}<\/style><style>.additional-class-1703670742:hover:before {\n        vertical-align: middle;\n        text-decoration: none;\n    }<\/style><span class=\"bd-icon  additional-class-1703670742  bd-no-margins bd-own-margins\"><!--{content}--><!--{\/content}--><\/span><!--[\/icon]-->\n\t\n\t\t    <!--[text]-->\n        <style>\n.additional-class-1025677764{margin:0px;}<\/style>        <h3 class=\" additional-class-1025677764  bd-no-margins bd-content-element\">\n            <!--{content}-->\n                E-maIl            <!--{\/content}-->\n        <\/h3>\n    <!--[\/text]-->\n\n\t\n\t\t    <!--[text]-->\n        <style>\n.additional-class-1705663061{overflow:hidden;}<\/style>        <p class=\" additional-class-1705663061  bd-content-element\">\n            <!--{content}-->\n                info@statiktozboyatabancasi.com            <!--{\/content}-->\n        <\/p>\n    <!--[\/text]-->\n\n\t\n\t\t\n    <!--[separator]-->\n    <style>\n.bd-separator-294817001{padding-top:1em;padding-bottom:1em;clear:both;}<\/style>        <style>\n.bd-separator-294817001 .bd-separator-inner:before, .bd-separator-294817001 .bd-separator-inner:after{border-top:1px solid #777777;}<\/style>    <style>\n.bd-separator-294817001 .bd-separator-inner{width:100%;}<\/style>\n    <div class=\" bd-separator-294817001  bd-separator-left bd-separator-content-center clearfix\">\n        <div class=\"bd-container-inner\">\n            <div class=\"bd-separator-inner\">\n                                <!--{content}--><!--{\/content}-->\n            <\/div>\n        <\/div>\n    <\/div>\n    <!--[\/separator]-->\n\n    \n\t\n\t\t<!--[icon]--><style>\n.additional-class-1934187403{float:right;margin-top:0.5em;margin-left:2em;}\n@media (max-width: 767px) {.additional-class-1934187403{float:none;margin-bottom:2em;}}<\/style><style>.additional-class-1934187403 {\n                    text-decoration: inherit;\n\t                display: inline-block;\n\t                speak: none;\n\t            }\n\n                .additional-class-1934187403:before {\n                    font-family: 'Billion Web Font';\n\t                font-style: normal;\n\t                font-weight: normal;\n\t                text-decoration: inherit;\n\t                text-align: center;\n\t                text-transform: none;\n\t                width: 1em;\n                }.additional-class-1934187403:before { content: '\\288'; }.additional-class-1934187403:before {width: auto; visibility: inherit;}.additional-class-1934187403:before{display: inline-block;}<\/style><style>\n.additional-class-1934187403:before{color:#155670;font-size:36px;line-height:51.42857144px;}<\/style><style>.additional-class-1934187403:before{line-height: 36px;}<\/style><style>.additional-class-1934187403:before {\n        vertical-align: middle;\n        text-decoration: none;\n    }<\/style><style>.additional-class-1934187403:hover {\n                    text-decoration: inherit;\n\t                display: inline-block;\n\t                speak: none;\n\t            }\n\n                .additional-class-1934187403:hover:before {\n                    font-family: 'Billion Web Font';\n\t                font-style: normal;\n\t                font-weight: normal;\n\t                text-decoration: inherit;\n\t                text-align: center;\n\t                text-transform: none;\n\t                width: 1em;\n                }.additional-class-1934187403:hover:before {width: auto; visibility: inherit;}.additional-class-1934187403:hover:before{display: inline-block;}<\/style><style>.additional-class-1934187403:hover:before {\n        vertical-align: middle;\n        text-decoration: none;\n    }<\/style><span class=\"bd-icon  additional-class-1934187403  bd-no-margins bd-own-margins\"><!--{content}--><!--{\/content}--><\/span><!--[\/icon]-->\n\t\n\t\t    <!--[text]-->\n        <style>\n.additional-class-1771137827{margin:0px;}<\/style>        <h3 class=\" additional-class-1771137827  bd-no-margins bd-content-element\">\n            <!--{content}-->\n                TELEFON            <!--{\/content}-->\n        <\/h3>\n    <!--[\/text]-->\n\n\t\n\t\t    <!--[text]-->\n        <style>\n.additional-class-553622522{overflow:hidden;}<\/style>        <p class=\" additional-class-553622522  bd-content-element\">\n            <!--{content}-->\n                0 332 251 06 32<br style=\"color: rgb(85, 85, 85);\">0 532 765 66 47            <!--{\/content}-->\n        <\/p>\n    <!--[\/text]-->\n                    <!--{\/content}-->\n                <\/div>\n            <\/div>\n        <\/div>\n    <!--[\/column]-->\n\n\t\n\t\t    <!--[column]-->\n        <div class=\"col-md-6 bd-columnwrapper-1178274937\">\n            <div class=\"bd-column  bd-layoutcolumn-1178274937 \">\n                <div class=\"bd-vertical-align-wrapper\">\n                    <!--{content}-->\n                            <!--[googlemap]-->\n        <style>\n            .additional-class-1569642105 {\n                height: 300px;\n                width: 100%;\n                display: block;\n            }\n        <\/style>\n        <style>\n.additional-class-1569642105{height:583px;width:100%;display:block;}<\/style>        <div class=\"bd-imagestyles  additional-class-1569642105  bd-own-margins\">\n            <div class=\"embed-responsive\" style=\"height: 100%; width: 100%;\">\n                <iframe class=\"embed-responsive-item\" src=\"\/\/maps.google.com\/maps?output=embed&q=Horozluhan Mahallesi B\u00fcy\u00fckbahir Sokak No:59 Sel\u00e7uklu Konya&z=16&t=m&hl=tr\">\n                <\/iframe>\n            <\/div>\n        <\/div>\n    <!--[\/googlemap]-->\n                    <!--{\/content}-->\n                <\/div>\n            <\/div>\n        <\/div>\n    <!--[\/column]-->\n                        <!--{\/content}-->\n                    <\/div>\n                <\/div>\n            <\/div>\n        <\/div>\n    <!--[\/columns]-->\n<!--{\/content}--><!--[\/fluid_1]-->\t\t\t\t<!--{\/content}-->\n\t\t\t<\/div>\n\t\t<\/section>\n\t<!--[\/section]-->\n<!--{\/content}--><!--[\/fluid]-->\n","protected":false},"excerpt":{"rendered":"","protected":false},"author":1,"featured_media":0,"parent":0,"menu_order":0,"comment_status":"closed","ping_status":"open","template":"","meta":{"footnotes":""},"class_list":["post-16","page","type-page","status-publish","hentry"],"aioseo_notices":[],"_links":{"self":[{"href":"https:\/\/statiktozboyatabancasi.com\/index.php\/wp-json\/wp\/v2\/pages\/16","targetHints":{"allow":["GET"]}}],"collection":[{"href":"https:\/\/statiktozboyatabancasi.com\/index.php\/wp-json\/wp\/v2\/pages"}],"about":[{"href":"https:\/\/statiktozboyatabancasi.com\/index.php\/wp-json\/wp\/v2\/types\/page"}],"author":[{"embeddable":true,"href":"https:\/\/statiktozboyatabancasi.com\/index.php\/wp-json\/wp\/v2\/users\/1"}],"replies":[{"embeddable":true,"href":"https:\/\/statiktozboyatabancasi.com\/index.php\/wp-json\/wp\/v2\/comments?post=16"}],"version-history":[{"count":2,"href":"https:\/\/statiktozboyatabancasi.com\/index.php\/wp-json\/wp\/v2\/pages\/16\/revisions"}],"predecessor-version":[{"id":63,"href":"https:\/\/statiktozboyatabancasi.com\/index.php\/wp-json\/wp\/v2\/pages\/16\/revisions\/63"}],"wp:attachment":[{"href":"https:\/\/statiktozboyatabancasi.com\/index.php\/wp-json\/wp\/v2\/media?parent=16"}],"curies":[{"name":"wp","href":"https:\/\/api.w.org\/{rel}","templated":true}]}}