{"id":9,"date":"2020-03-05T17:53:58","date_gmt":"2020-03-05T14:53:58","guid":{"rendered":"http:\/\/statiktozboyatabancasi.com\/?page_id=9"},"modified":"2020-03-05T18:05:32","modified_gmt":"2020-03-05T15:05:32","slug":"kurumsal","status":"publish","type":"page","link":"https:\/\/statiktozboyatabancasi.com\/index.php\/kurumsal\/","title":{"rendered":"KURUMSAL"},"content":{"rendered":"<p>Aksevin\u00e7 olarak 1998 y\u0131l\u0131ndan bu yana Elektrostatik Toz Boya Tabancas\u0131, Toz Boya Pi\u015firme F\u0131r\u0131nlar\u0131 alanlar\u0131nda hizmet sunmaktay\u0131z. Firma olarak, kuruldu\u011fumuz g\u00fcnden bu yana statik toz boya sekt\u00f6r\u00fcndeki geli\u015fme ve yenilikleri g\u00fcncel \u00e7al\u0131\u015fmalar\u0131 takip etmekte, \u00fcr\u00fcn ve hizmet portfolyomuzu, bu geli\u015fmeler do\u011frultusunda geni\u015fletmekteyiz.<\/p>\n<p>Alanlar\u0131nda m\u00fc\u015fterilerimizin s\u00fcrekli de\u011fi\u015fen statik toz boyama ihtiya\u00e7lar\u0131na cevap vermekteyiz.<\/p>\n<p>Bu hizmetlerimizin yan\u0131 s\u0131ra, Elektrostatik Toz Boya F\u0131r\u0131n\u0131 \u0130malat\u0131, OMEGA Toz Boya Tabancas\u0131 Bayili\u011fi, sat\u0131\u015f-servis-yedek par\u00e7a ve sat\u0131\u015f sonras\u0131 servisi gibi i\u015flemlerini de y\u00fcr\u00fctmekteyiz.<\/p>\n","protected":false},"excerpt":{"rendered":"<p>Aksevin\u00e7 olarak 1998 y\u0131l\u0131ndan bu yana Elektrostatik Toz Boya Tabancas\u0131, Toz Boya Pi\u015firme F\u0131r\u0131nlar\u0131 alanlar\u0131nda hizmet sunmaktay\u0131z. Firma olarak, kuruldu\u011fumuz g\u00fcnden bu yana statik toz boya sekt\u00f6r\u00fcndeki geli\u015fme ve yenilikleri g\u00fcncel \u00e7al\u0131\u015fmalar\u0131 takip etmekte, \u00fcr\u00fcn ve hizmet portfolyomuzu, bu geli\u015fmeler do\u011frultusunda geni\u015fletmekteyiz. Alanlar\u0131nda m\u00fc\u015fterilerimizin s\u00fcrekli de\u011fi\u015fen statik toz boyama ihtiya\u00e7lar\u0131na cevap vermekteyiz. Bu hizmetlerimizin yan\u0131 [&hellip;]<\/p>\n","protected":false},"author":1,"featured_media":0,"parent":0,"menu_order":0,"comment_status":"closed","ping_status":"open","template":"","meta":{"footnotes":""},"class_list":["post-9","page","type-page","status-publish","hentry"],"aioseo_notices":[],"_links":{"self":[{"href":"https:\/\/statiktozboyatabancasi.com\/index.php\/wp-json\/wp\/v2\/pages\/9","targetHints":{"allow":["GET"]}}],"collection":[{"href":"https:\/\/statiktozboyatabancasi.com\/index.php\/wp-json\/wp\/v2\/pages"}],"about":[{"href":"https:\/\/statiktozboyatabancasi.com\/index.php\/wp-json\/wp\/v2\/types\/page"}],"author":[{"embeddable":true,"href":"https:\/\/statiktozboyatabancasi.com\/index.php\/wp-json\/wp\/v2\/users\/1"}],"replies":[{"embeddable":true,"href":"https:\/\/statiktozboyatabancasi.com\/index.php\/wp-json\/wp\/v2\/comments?post=9"}],"version-history":[{"count":2,"href":"https:\/\/statiktozboyatabancasi.com\/index.php\/wp-json\/wp\/v2\/pages\/9\/revisions"}],"predecessor-version":[{"id":23,"href":"https:\/\/statiktozboyatabancasi.com\/index.php\/wp-json\/wp\/v2\/pages\/9\/revisions\/23"}],"wp:attachment":[{"href":"https:\/\/statiktozboyatabancasi.com\/index.php\/wp-json\/wp\/v2\/media?parent=9"}],"curies":[{"name":"wp","href":"https:\/\/api.w.org\/{rel}","templated":true}]}}